{"id":198,"date":"2021-02-11T12:44:29","date_gmt":"2021-02-11T12:44:29","guid":{"rendered":"https:\/\/teckel-kibo.de\/?page_id=198"},"modified":"2021-02-11T12:44:31","modified_gmt":"2021-02-11T12:44:31","slug":"datenschutz","status":"publish","type":"page","link":"https:\/\/teckel-kibo.de\/?page_id=198","title":{"rendered":"Datenschutz"},"content":{"rendered":"\n<h1>DATENSCHUTZ<\/h1>\n\n\n\n<p><em>Diese Cookie-Erkl\u00e4rung wurde zuletzt am 11.02.2021 aktualisiert und gilt f\u00fcr B\u00fcrger der Europ\u00e4ischen Wirtschaftszone.<\/em><\/p>\n\n\n\n<p>Datenschutzbeauftragte:<\/p>\n\n\n\n<p>Katarzyna Julia Szeremeta, F1 10, 68151 Mannheim<\/p>\n\n\n\n<p>info(at)teckel-kibo.de<\/p>\n\n\n\n<h3>1 Einf\u00fchrung<\/h3>\n\n\n\n<p>Unsere Website teckel-kibo.de (im folgenden: \u201eDie Website\u201c) verwendet Cookies und \u00e4hnliche Technologien (der Einfachheit halber werden all diese unter \u201eCookies\u201c zusammengefasst). Cookies werden au\u00dferdem von uns beauftragten Drittparteien platziert. In dem unten stehendem Dokument informieren wir dich \u00fcber die Verwendung von Cookies auf unserer Website.<\/p>\n\n\n\n<h3>2 Was sind Cookies<\/h3>\n\n\n\n<p>Ein Cookie ist eine einfache kleine Datei, die gemeinsam mit den Seiten einer Internetadresse versendet und vom Webbrowser auf dem PC oder einem anderen Ger\u00e4t gespeichert werden kann. Die darin gespeicherten Informationen k\u00f6nnen w\u00e4hrend folgender Besuche zu unseren oder den Servern relevanter Drittanbieter gesendet werden.<\/p>\n\n\n\n<h3>3 Was sind Skripte?<\/h3>\n\n\n\n<p>Ein Skript ist ein Teil des Programmcodes, mit dem unsere Website ordnungsgem\u00e4\u00df und interaktiv funktioniert. Dieser Code wird auf unserem Server oder auf deinem Ger\u00e4t ausgef\u00fchrt.<\/p>\n\n\n\n<h3>4 Was ist ein Webbeacon?<\/h3>\n\n\n\n<p>Ein Web-Beacon (auch Pixel-Tag genannt), ist ein kleines unsichtbares Textfragment oder Bild auf einer Website, das benutzt wird, um den Verkehr auf der Website zu \u00fcberwachen. Um dies zu erm\u00f6glichen werden diverse Daten von dir mittels Web-Beacons gespeichert.<\/p>\n\n\n\n<h3>5 Zustimmung<\/h3>\n\n\n\n<p>Wenn du unsere Website das erste Mal besuchst, zeigen wir dir ein Pop-Up mit einer Erkl\u00e4rung \u00fcber Cookies. Sobald du auf \u201eAlle Cookies\u201c klickst, gibst du uns dein Einverst\u00e4ndnis alle in diesem Pop-Up und in der Cookie-Erkl\u00e4rung beschriebenen Cookies und Plugins zu verwenden. Du kannst die Verwendung von Cookies \u00fcber Ihren Browser deaktivieren, aber bitte beachte, dass unsere Website dann unter Umst\u00e4nden nicht richtig funktioniert.<\/p>\n\n\n\n<h3>6 Drittparteien:<\/h3>\n\n\n\n<p>Wir haben Vereinbarungen \u00fcber die Verwendung von Cookies mit anderen Firmen getroffen, die Cookies platzieren. Allerdings k\u00f6nnen wir nicht garantieren, dass diese Drittparteien Ihre pers\u00f6nlichen Daten in verl\u00e4sslicher oder sicherer Weise handhaben. Gruppen wie Google werden als unabh\u00e4nige Datenkontrolleure im Sinne der allgemeinen Datenschutzverordnung betrachtet. Wir empfehlen Ihnen die Datenschutzerkl\u00e4rungen dieser Firmen zu lesen.<\/p>\n\n\n\n<h3>7 Cookies<\/h3>\n\n\n\n<p>7.1 Technische oder funktionelle Cookies<\/p>\n\n\n\n<p>Einige Cookies stellen sicher, dass Teile unserer Website richtig funktionieren und deine Nutzervorlieben bekannt bleiben. Durch das Platzieren funktionaler Cookies machen wir es dir einfacher unsere Website zu besuchen. Auf diese Weise musst du bei Besuchen unserer Website nicht wiederholt die gleichen Informationen eingeben, oder deine Gegenst\u00e4nde bleiben beispielsweise in deinem Warenkorb bis du bezahlst. Wir k\u00f6nnen diese Cookies ohne dein Einverst\u00e4ndnis platzieren.7.2 Analysecookies<\/p>\n\n\n\n<p>Da Statistiken anonym erfasst werden, ist keine Erlaubnis erforderlich, um analytische Cookies zu platzieren.7.3 Werbecookies<\/p>\n\n\n\n<p>Wir verwenden keine Werbecookies auf dieser Website.7.4 Soziale-Medien-Buttons<\/p>\n\n\n\n<p>Auf unserer Website haben wir Schaltfl\u00e4chen f\u00fcr Facebook eingef\u00fcgt, um Webseiten (z.B. \u201eGef\u00e4llt mir\u201d, \u201eAnheften\u201d) oder Teilen (z. B. \u201eTweet\u201d) in sozialen Netzwerken wie Facebook zu unterst\u00fctzen. Diese Schaltfl\u00e4chen verwenden einen Code, der von Facebook selbst stammt. Dieser Code platziert Cookies. Diese Social-Media-Schaltfl\u00e4chen k\u00f6nnen auch bestimmte Informationen speichern und verarbeiten, sodass dir eine personalisierte Werbung angezeigt werden kann.<\/p>\n\n\n\n<p>Bitte lese die Datenschutzerkl\u00e4rung dieser sozialen Netzwerke (die sich regelm\u00e4\u00dfig \u00e4ndern kann), um zu erfahren, wie sie mit deinen (pers\u00f6nlichen) Daten umgehen, die sie mithilfe dieser Cookies verarbeiten. Die abgerufenen Daten werden so weit wie m\u00f6glich anonymisiert. Facebook befindet sich in den Vereinigten Staaten<\/p>\n\n\n\n<h3>8 Platzierte Cookies<\/h3>\n\n\n\n<figure class=\"wp-block-table\"><table><tbody><tr><td><strong>WordPress<\/strong><\/td><\/tr><tr><td>Zweck: WordPress-Login-Cookie<br>Aufbewahrungsfrist: 30 Tage<br>Beschreibung: Cookie der dich angemeldet l\u00e4sst<\/td><\/tr><tr><td>Verwendete Namen<\/td><td><\/td><\/tr><tr><td>_wordpress_<\/td><td><\/td><\/tr><\/tbody><\/table><\/figure>\n\n\n\n<figure class=\"wp-block-table\"><table><tbody><tr><td><strong>Facebook<\/strong><\/td><\/tr><tr><td>Zweck: Personalisierte Werbung<br>Aufbewahrungsfrist: 1 Jahr<br>Beschreibung: Facebook verwendet Cookies, um Benutzer mit personalisierter Werbung anzusprechen.<\/td><\/tr><tr><td>Verwendete Namen<\/td><td><\/td><\/tr><tr><td>fbm_, actppresence, sb, csm, c_user, frstxs, datr, _fbp<\/td><td><\/td><\/tr><\/tbody><\/table><\/figure>\n\n\n\n<h3>9 Deine Rechte in Bezug auf pers\u00f6nliche Daten<\/h3>\n\n\n\n<p>Du hast in Bezug auf deine pers\u00f6nlichen Daten die folgenden Rechte:<\/p>\n\n\n\n<ul><li>Du hast das Recht zu wissen, warum deine pers\u00f6nlichen Daten gebraucht werden, was mit ihnen passiert und wie lange diese verwahrt werden.<\/li><li>Zugriffsrecht: Du hast das Recht deine uns bekannten pers\u00f6nliche Daten einzusehen.<\/li><li>Recht auf Berichtigung: Du hast das Recht wann immer du w\u00fcnscht, deine pers\u00f6nlichen Daten zu erg\u00e4nzen, zu korrigieren sowie gel\u00f6scht oder blockiert zu bekommen.<\/li><li>Wenn du uns dein Einverst\u00e4ndnis zur Verarbeitung deiner Daten gegeben hast, hast du das Recht dieses Einverst\u00e4ndnis zu widerrufen und deine pers\u00f6nlichen Daten l\u00f6schen zu lassen.<\/li><li>Recht auf Datentransfer deiner Daten: Du hast das Recht, alle deine pers\u00f6nlichen Daten von einem Kontrolleur anzufordern und in ihrer Gesamtheit zu einem anderen Kontrolleur zu transferieren.<\/li><li>Widerspruchsrecht: Du kannst der Verarbeitung deiner Daten widersprechen. Wir entsprechen dem, es sei denn es gibt berechtigte Gr\u00fcnde f\u00fcr die Verarbeitung.<\/li><\/ul>\n\n\n\n<p>Um diese Rechte auszu\u00fcben kontaktiere uns bitte. Bitte beziehe dich auf die Kontaktdaten am Ende dieser Cookie-Erkl\u00e4rung. Wenn du eine Beschwerde dar\u00fcber hast, wie wir ihre Daten behandeln w\u00fcrden wir diese gerne h\u00f6ren, aber du hast auch das Recht diese an die Aufsichtsbeh\u00f6rde (der Datenschutzbeh\u00f6rde) zu richten.<\/p>\n\n\n\n<h3>10 Aktivierung\/Deaktivierung und L\u00f6schen von Cookies<\/h3>\n\n\n\n<p>Du kannst deinen Internetbrowser verwenden um automatisch oder manuell Cookies zu l\u00f6schen. Du kannst au\u00dferdem spezifizieren ob spezielle Cookies nicht platziert werden sollen. Eine andere M\u00f6glichkeit ist es deinen Internetbrowser derart einzurichten, dass du jedes Mal benachrichtigt wirst, wenn ein Cookie platziert wird. F\u00fcr weitere Information \u00fcber diese M\u00f6glichkeiten beachte die Anweisungen in der Hilfesektion deines Browsers.<\/p>\n\n\n\n<p>Bitte nimm zur Kentniss, dass unsere Website m\u00f6glicherweise nicht richtig funktioniert wenn alle Cookies deaktiviert sind. Wenn du die Cookies in deinem Browser l\u00f6scht, werden diese neuplatziert wenn du unsere Website erneut besuchst.<\/p>\n\n\n\n<h3>11 Kontaktdaten<\/h3>\n\n\n\n<p>F\u00fcr Fragen und\/oder Kommentare \u00fcber unsere Cookie-Richtlinien und diese Aussage kontaktiere uns bitte mittels der folgenden Kontaktdaten:<\/p>\n\n\n\n<p>info(at)teckel-kibo.de<\/p>\n\n\n\n<h2>IMPRESSUM<\/h2>\n\n\n\n<p><strong>Verantwortlich:<\/strong><\/p>\n\n\n\n<ol><li>Vorsitzende Silke Steinbring<\/li><\/ol>\n\n\n\n<p>Gruppe Kirchheimbolanden in DTK 1888 eV<\/p>\n\n\n\n<p>Am Eselsweg, 67292 Kirchheimbolanden<\/p>\n\n\n\n<p><strong>Haftung f\u00fcr Links<\/strong><\/p>\n\n\n\n<p>Unser Angebot enth\u00e4lt Links zu externen Webseiten Dritter, auf deren Inhalte wir keinen Einfluss haben. Deshalb k\u00f6nnen wir f\u00fcr diese fremden Inhalte auch keine Gew\u00e4hr \u00fcbernehmen. F\u00fcr die Inhalte der verlinkten Seiten ist stets der jeweilige Anbieter oder Betreiber der Seiten verantwortlich. Die verlinkten Seiten wurden zum Zeitpunkt der Verlinkung auf m\u00f6gliche Rechtsverst\u00f6\u00dfe \u00fcberpr\u00fcft. Rechtswidrige Inhalte waren zum Zeitpunkt der Verlinkung nicht erkennbar. Eine permanente inhaltliche Kontrolle der verlinkten Seiten ist jedoch ohne konkrete Anhaltspunkte einer Rechtsverletzung nicht zumutbar. Bei Bekanntwerden von Rechtsverletzungen werden wir derartige Links umgehend entfernen.<\/p>\n\n\n\n<p><strong>Urheberrecht<\/strong><\/p>\n\n\n\n<p>Die durch die Seitenbetreiber erstellten Inhalte und Werke auf diesen Seiten unterliegen dem deutschen Urheberrecht. Die Vervielf\u00e4ltigung, Bearbeitung, Verbreitung und jede Art der Verwertung au\u00dferhalb der Grenzen des Urheberrechtes bed\u00fcrfen der schriftlichen Zustimmung des jeweiligen Autors bzw. Erstellers. Downloads und Kopien dieser Seite sind nur f\u00fcr den privaten, nicht kommerziellen Gebrauch gestattet. Soweit die Inhalte auf dieser Seite nicht vom Betreiber erstellt wurden, werden die Urheberrechte Dritter beachtet. Insbesondere werden Inhalte Dritter als solche gekennzeichnet. Sollten Sie trotzdem auf eine Urheberrechtsverletzung aufmerksam werden, bitten wir um einen entsprechenden Hinweis. Bei Bekanntwerden von Rechtsverletzungen werden wir derartige Inhalte umgehend entfernen.<\/p>\n\n\n\n<p><em>Quellenangabe: <a href=\"https:\/\/www.e-recht24.de\">https:\/\/www.e-recht24.de<\/a><\/em><\/p>\n","protected":false},"excerpt":{"rendered":"<p>DATENSCHUTZ Diese Cookie-Erkl\u00e4rung wurde zuletzt am 11.02.2021 aktualisiert und gilt f\u00fcr B\u00fcrger der Europ\u00e4ischen Wirtschaftszone. Datenschutzbeauftragte: Katarzyna Julia Szeremeta, F1 10, 68151 Mannheim info(at)teckel-kibo.de 1 Einf\u00fchrung Unsere Website teckel-kibo.de (im folgenden: \u201eDie Website\u201c) verwendet Cookies und \u00e4hnliche Technologien (der Einfachheit halber werden all diese unter \u201eCookies\u201c zusammengefasst). Cookies werden au\u00dferdem von uns beauftragten Drittparteien platziert. [&hellip;]<\/p>\n","protected":false},"author":1,"featured_media":0,"parent":0,"menu_order":0,"comment_status":"closed","ping_status":"closed","template":"","meta":[],"_links":{"self":[{"href":"https:\/\/teckel-kibo.de\/index.php?rest_route=\/wp\/v2\/pages\/198"}],"collection":[{"href":"https:\/\/teckel-kibo.de\/index.php?rest_route=\/wp\/v2\/pages"}],"about":[{"href":"https:\/\/teckel-kibo.de\/index.php?rest_route=\/wp\/v2\/types\/page"}],"author":[{"embeddable":true,"href":"https:\/\/teckel-kibo.de\/index.php?rest_route=\/wp\/v2\/users\/1"}],"replies":[{"embeddable":true,"href":"https:\/\/teckel-kibo.de\/index.php?rest_route=%2Fwp%2Fv2%2Fcomments&post=198"}],"version-history":[{"count":1,"href":"https:\/\/teckel-kibo.de\/index.php?rest_route=\/wp\/v2\/pages\/198\/revisions"}],"predecessor-version":[{"id":199,"href":"https:\/\/teckel-kibo.de\/index.php?rest_route=\/wp\/v2\/pages\/198\/revisions\/199"}],"wp:attachment":[{"href":"https:\/\/teckel-kibo.de\/index.php?rest_route=%2Fwp%2Fv2%2Fmedia&parent=198"}],"curies":[{"name":"wp","href":"https:\/\/api.w.org\/{rel}","templated":true}]}}